{"id":1618,"date":"2023-08-29T11:14:53","date_gmt":"2023-08-29T11:14:53","guid":{"rendered":"https:\/\/blog.westminster.ac.uk\/psj\/?page_id=1618"},"modified":"2023-08-29T11:32:13","modified_gmt":"2023-08-29T11:32:13","slug":"decolonial-storytelling-reports","status":"publish","type":"page","link":"https:\/\/blog.westminster.ac.uk\/psj\/tools\/decolonial-storytelling-reports\/","title":{"rendered":"Decolonial storytelling reports"},"content":{"rendered":"\n<p>In 2022, we received funding to recruit eight student interns who could carry out a series of research tasks, including a research report on decolonial storytelling in higher education.<\/p>\n\n\n\n<p>In their simplest form, stories \u2018allow shifts across time and context, while facilitating contextualised, multilayered understanding of personal identities, social relationships, and cultural landscapes\u2019 (Mulvey et al., 2000:885 cited in Sonn et al., 2013). In Indigenous epistemologies, stories can be archives of thought, history, trauma and resilience, and this is emphasised by the long oral tradition of storytelling in Indigenous cultures. Black narrative traditions also present stories as a way of encouraging the remembrance of homelands and communities and fostering intergenerational connections (Toliver, 2021). We are also drawn to feminist practices of storytelling and ethnography that centre and problematise the implications of our positionalities and contexts to our work (Manning, 2016; de Nooijer and Sol Cueva, 2022).<\/p>\n\n\n\n<p>These reports will be useful for anyone looking to find out more about storytelling and explore a different approach in their teaching and learning practice.<\/p>\n\n\n\n<p>We&#8217;d like to thank each of our interns who took part in this research and more, including D\u00e9sir\u00e9 St\u00e9phane Bai, Pierre Bartin, Melissa Charifo, Coco, Kelsea Costin, Lalita Gurung, Huanyu Huang, Zamara Khan, Lauren Nader, Chinaemerem Obiegbu, Bhaskar Pant and Aminul Schuster. <\/p>\n\n\n\n<div style=\"height:32px\" aria-hidden=\"true\" class=\"wp-block-spacer\"><\/div>\n\n\n<h6><a href=\"https:\/\/drive.google.com\/file\/d\/1hDXTpybNGbI27l8xHdKQdCoqjYThy34A\/view?usp=sharing\" target=\"_blank\" rel=\"noopener\"><strong>Decolonial storytelling in International Development<\/strong><\/a><\/h6>\n<p>Report by D\u00e9sir\u00e9 St\u00e9phane Bai, MA in Media and Development<\/p>\n<h6><a href=\"https:\/\/drive.google.com\/file\/d\/1nxpbc_D_iDuMT2hoI8nU0RvZdz6yG7xr\/view?usp=drive_link\" target=\"_blank\" rel=\"noopener\"><strong>Decolonial storytelling in Law<\/strong><\/a><\/h6>\n<p>Report by Melissa Charifo, Westminster Law School<\/p>\n<h6><a href=\"https:\/\/drive.google.com\/file\/d\/1dvuLxReiI42ae2zndp0dxevlkODIDsDu\/view?usp=sharing\" target=\"_blank\" rel=\"noopener\"><strong>Decolonial storytelling in Business Management and Marketing<\/strong><\/a><\/h6>\n<p>Report by Lauren Nader, BA in Business Management and Marketing<\/p>\n<h6><a href=\"https:\/\/drive.google.com\/file\/d\/17OpqdiR1lrzXWizMZBD5eRTLs_K42sbs\/view?usp=drive_link\" target=\"_blank\" rel=\"noopener\"><strong>Decolonial Storytelling in Sociology<\/strong><\/a><\/h6>\n<p>Report by Lalita Gurung, BA Sociology<\/p>\n<h6><a href=\"https:\/\/drive.google.com\/file\/d\/1EjX6uNqZmQ-UFV7IBZ0QSfWlc5Yg-hbz\/view?usp=drive_link\" target=\"_blank\" rel=\"noopener\"><strong>Decolonial storytelling in Media and Communication<\/strong><\/a><\/h6>\n<p>Report by Huanyu Huang, PhD researcher<\/p>\n<h6><strong><a href=\"https:\/\/drive.google.com\/file\/d\/1IqGf7G9WGCEpubsuiuTNc3KGlP81bs4Q\/view?usp=drive_link\" target=\"_blank\" rel=\"noopener\">Decolonial storytelling in English Teaching<\/a><\/strong><\/h6>\n<p>Report by Coco, Exchange student from Beijing Foreign Studies University<\/p>\n<h6><a href=\"https:\/\/drive.google.com\/file\/d\/1Q8GN0UOalNYvFq2Fczhc2e7usCwMM9Hq\/view?usp=drive_link\" target=\"_blank\" rel=\"noopener\"><strong>Decolonial storytelling in Human Resources<\/strong><\/a><\/h6>\n<p>Report by Chinaemerem Obiegbu, MA Human Resource Management<\/p>\n<h6><a href=\"https:\/\/drive.google.com\/file\/d\/1BikVU_N47JUuXqum43z-1dnwaQA0T3If\/view?usp=drive_link\" target=\"_blank\" rel=\"noopener\"><strong>Decolonial storytelling in Media Studies<\/strong><\/a><\/h6>\n<p>Report by Bhaskar Pant, MA in Data, Culture and Society<\/p>\n<p>\u00a0<\/p>\n\n<p><\/p>\n<hr \/>\n<p>References:<\/p>\n<p> <\/p>\n<p>de Nooijer, R., &amp; Sol Cueva, L. (2022). Feminist storytellers imagining new stories to tell. In\u00a0<em>Feminist methodologies: Experiments, collaborations and reflections<\/em>\u00a0(pp. 237-255). Cham: Springer International Publishing.<\/p>\n<p> <\/p>\n<p>Manning, J. (2016). Constructing a postcolonial feminist ethnography.\u00a0<em>Journal of Organizational Ethnography<\/em>,\u00a0<em>5<\/em>(2), 90-105.<\/p>\n<p> <\/p>\n<p>Sonn, C. C., Stevens, G., &amp; Duncan, N. (2013). Decolonisation, critical methodologies and why stories matter. In\u00a0<em>Race, memory and the apartheid archive: Towards a transformative psychosocial praxis<\/em>\u00a0(pp. 295-314). London: Palgrave Macmillan UK.<\/p>\n<p> <\/p>\n<p>Toliver, S. R. (2021).\u00a0<em>Recovering Black storytelling in qualitative research: Endarkened storywork<\/em>. Routledge.<\/p>\n<p><\/p>","protected":false},"excerpt":{"rendered":"<p>In 2022, we received funding to recruit eight student interns who could carry out a series of research tasks, including a research report on decolonial storytelling in higher education. In their simplest form, stories \u2018allow shifts across time and context,&#8230;<\/p>\n","protected":false},"author":622,"featured_media":0,"parent":46,"menu_order":0,"comment_status":"closed","ping_status":"closed","template":"","meta":{"footnotes":""},"class_list":["post-1618","page","type-page","status-publish","hentry"],"_links":{"self":[{"href":"https:\/\/blog.westminster.ac.uk\/psj\/wp-json\/wp\/v2\/pages\/1618","targetHints":{"allow":["GET"]}}],"collection":[{"href":"https:\/\/blog.westminster.ac.uk\/psj\/wp-json\/wp\/v2\/pages"}],"about":[{"href":"https:\/\/blog.westminster.ac.uk\/psj\/wp-json\/wp\/v2\/types\/page"}],"author":[{"embeddable":true,"href":"https:\/\/blog.westminster.ac.uk\/psj\/wp-json\/wp\/v2\/users\/622"}],"replies":[{"embeddable":true,"href":"https:\/\/blog.westminster.ac.uk\/psj\/wp-json\/wp\/v2\/comments?post=1618"}],"version-history":[{"count":21,"href":"https:\/\/blog.westminster.ac.uk\/psj\/wp-json\/wp\/v2\/pages\/1618\/revisions"}],"predecessor-version":[{"id":1653,"href":"https:\/\/blog.westminster.ac.uk\/psj\/wp-json\/wp\/v2\/pages\/1618\/revisions\/1653"}],"up":[{"embeddable":true,"href":"https:\/\/blog.westminster.ac.uk\/psj\/wp-json\/wp\/v2\/pages\/46"}],"wp:attachment":[{"href":"https:\/\/blog.westminster.ac.uk\/psj\/wp-json\/wp\/v2\/media?parent=1618"}],"curies":[{"name":"wp","href":"https:\/\/api.w.org\/{rel}","templated":true}]}}