{"id":2493,"date":"2021-02-18T09:22:59","date_gmt":"2021-02-18T09:22:59","guid":{"rendered":"http:\/\/recordsandarchives.westminster.ac.uk\/?page_id=2493"},"modified":"2023-08-30T10:40:16","modified_gmt":"2023-08-30T10:40:16","slug":"celebrating-the-100th-anniversary-of-the-1921-womens-olympiad","status":"publish","type":"page","link":"https:\/\/blog.westminster.ac.uk\/recordsandarchives\/archive-blog\/celebrating-the-100th-anniversary-of-the-1921-womens-olympiad\/","title":{"rendered":"Celebrating the 100th Anniversary of the 1921 Women\u2019s Olympiad"},"content":{"rendered":"\t\t<div data-elementor-type=\"wp-post\" data-elementor-id=\"2493\" class=\"elementor elementor-2493\">\n\t\t\t\t\t\t<section class=\"elementor-section elementor-top-section elementor-element elementor-element-0df621a elementor-section-boxed elementor-section-height-default elementor-section-height-default\" data-id=\"0df621a\" data-element_type=\"section\" data-e-type=\"section\">\n\t\t\t\t\t\t<div class=\"elementor-container elementor-column-gap-default\">\n\t\t\t\t\t<div class=\"elementor-column elementor-col-100 elementor-top-column elementor-element elementor-element-ac022c4\" data-id=\"ac022c4\" data-element_type=\"column\" data-e-type=\"column\">\n\t\t\t<div class=\"elementor-widget-wrap elementor-element-populated\">\n\t\t\t\t\t\t<div class=\"elementor-element elementor-element-7daf21b elementor-widget elementor-widget-text-editor\" data-id=\"7daf21b\" data-element_type=\"widget\" data-e-type=\"widget\" data-widget_type=\"text-editor.default\">\n\t\t\t\t<div class=\"elementor-widget-container\">\n\t\t\t\t\t\t\t\t\t<p><span style=\"font-size: 12.0pt;font-family: 'Times New Roman',serif\">\u201cOn Monday, March 21st, a team of 21 girls, drawn from the Regent Street and Woolwich Polytechnics, left Victoria Station, under the leadership of Miss J. H. Andrew, to represent England in the Women&#8217;s Olympiad at Monte Carlo, but although they were undoubtedly determined to do their utmost to perform in a manner worthy of our race and traditions, they could hardly in their most sanguine moments have hoped to gain eight first places and one second, out of the ten events in which they competed, this being a record which should stand for many years.\u201d <i>Polytechnic Magazine,<\/i> April 1921<\/span><\/p>\t\t\t\t\t\t\t\t<\/div>\n\t\t\t\t<\/div>\n\t\t\t\t\t<\/div>\n\t\t<\/div>\n\t\t\t\t\t<\/div>\n\t\t<\/section>\n\t\t\t\t<section class=\"elementor-section elementor-top-section elementor-element elementor-element-3366b83 elementor-section-boxed elementor-section-height-default elementor-section-height-default\" data-id=\"3366b83\" data-element_type=\"section\" data-e-type=\"section\">\n\t\t\t\t\t\t<div class=\"elementor-container elementor-column-gap-default\">\n\t\t\t\t\t<div class=\"elementor-column elementor-col-100 elementor-top-column elementor-element elementor-element-0dd0761\" data-id=\"0dd0761\" data-element_type=\"column\" data-e-type=\"column\">\n\t\t\t<div class=\"elementor-widget-wrap elementor-element-populated\">\n\t\t\t\t\t\t<div class=\"elementor-element elementor-element-8150fb7 elementor-widget elementor-widget-text-editor\" data-id=\"8150fb7\" data-element_type=\"widget\" data-e-type=\"widget\" data-widget_type=\"text-editor.default\">\n\t\t\t\t<div class=\"elementor-widget-container\">\n\t\t\t\t\t\t\t\t\t<p>The 1er Meeting International d&#8217;Education Physique F\u00e9minine de Sports Athl\u00e9tiques was organised by Alice Milliat after the International Olympics Committee refused to allow women to participate in athletics in the 1924 Olympic Games. It was the first in a series of events \u2013 described variously as the Women\u2019s Olympiad Games and the Women\u2019s World Games \u2013 that ran until 1934.<\/p>\t\t\t\t\t\t\t\t<\/div>\n\t\t\t\t<\/div>\n\t\t\t\t\t<\/div>\n\t\t<\/div>\n\t\t\t\t\t<\/div>\n\t\t<\/section>\n\t\t\t\t<section class=\"elementor-section elementor-top-section elementor-element elementor-element-f197445 elementor-section-boxed elementor-section-height-default elementor-section-height-default\" data-id=\"f197445\" data-element_type=\"section\" data-e-type=\"section\">\n\t\t\t\t\t\t<div class=\"elementor-container elementor-column-gap-default\">\n\t\t\t\t\t<div class=\"elementor-column elementor-col-100 elementor-top-column elementor-element elementor-element-5bd0e5d\" data-id=\"5bd0e5d\" data-element_type=\"column\" data-e-type=\"column\">\n\t\t\t<div class=\"elementor-widget-wrap elementor-element-populated\">\n\t\t\t\t\t\t<div class=\"elementor-element elementor-element-ed84728 elementor-widget elementor-widget-text-editor\" data-id=\"ed84728\" data-element_type=\"widget\" data-e-type=\"widget\" data-widget_type=\"text-editor.default\">\n\t\t\t\t<div class=\"elementor-widget-container\">\n\t\t\t\t\t\t\t\t\t<p>At the 1921 games 100 female contestants from England, France, Italy and Switzerland\u00a0and Norway\u00a0competed in track and field events, including 10 athletes from the Regent Street Polytechnic (forerunner to the University of Westminster).\u00a0 This was the first international women\u2019s sport event.<\/p>\t\t\t\t\t\t\t\t<\/div>\n\t\t\t\t<\/div>\n\t\t\t\t\t<\/div>\n\t\t<\/div>\n\t\t\t\t\t<\/div>\n\t\t<\/section>\n\t\t\t\t<section class=\"elementor-section elementor-top-section elementor-element elementor-element-42ab16b elementor-section-boxed elementor-section-height-default elementor-section-height-default\" data-id=\"42ab16b\" data-element_type=\"section\" data-e-type=\"section\">\n\t\t\t\t\t\t<div class=\"elementor-container elementor-column-gap-default\">\n\t\t\t\t\t<div class=\"elementor-column elementor-col-100 elementor-top-column elementor-element elementor-element-f74cbdd\" data-id=\"f74cbdd\" data-element_type=\"column\" data-e-type=\"column\">\n\t\t\t<div class=\"elementor-widget-wrap elementor-element-populated\">\n\t\t\t\t\t\t<div class=\"elementor-element elementor-element-7ff9239 elementor-widget elementor-widget-text-editor\" data-id=\"7ff9239\" data-element_type=\"widget\" data-e-type=\"widget\" data-widget_type=\"text-editor.default\">\n\t\t\t\t<div class=\"elementor-widget-container\">\n\t\t\t\t\t\t\t\t\t<p>Prior to the Second World War, the Polytechnic was primarily an evening Institute. Its members would come from their day jobs to study, socialise and play sport after work and on weekends. The women in the 1921 team were teachers, dressmakers, typists and Lyon&#8217;s Corner House waitresses. Having arrived in Monte Carlo on Tuesday 22 March 1921, the competition began on Friday 25 March and concluded the following Wednesday with the prize-giving ceremonies. On the Thursday they were taken for a motor trip and lunch at the Hotel Royal, before a long journey home, arriving back on 3 April 1921. The success of this short event led to the founding of the F\u00e9d\u00e9ration Sportive F\u00e9minine Internationale (FSFI) and, in the UK, to the creation of the <span style=\"text-decoration: underline\"><a href=\"https:\/\/calmview.bham.ac.uk\/Record.aspx?src=CalmView.Catalog&amp;id=XATH%2fWAAA&amp;pos=1\">Women&#8217;s Amateur Athletic Association<\/a><\/span> (WAAA) and the London Olympiades women\u2019s athletics club.<\/p>\t\t\t\t\t\t\t\t<\/div>\n\t\t\t\t<\/div>\n\t\t\t\t\t<\/div>\n\t\t<\/div>\n\t\t\t\t\t<\/div>\n\t\t<\/section>\n\t\t\t\t<section class=\"elementor-section elementor-top-section elementor-element elementor-element-8b83632 elementor-section-boxed elementor-section-height-default elementor-section-height-default\" data-id=\"8b83632\" data-element_type=\"section\" data-e-type=\"section\">\n\t\t\t\t\t\t<div class=\"elementor-container elementor-column-gap-default\">\n\t\t\t\t\t<div class=\"elementor-column elementor-col-50 elementor-top-column elementor-element elementor-element-f2a4577\" data-id=\"f2a4577\" data-element_type=\"column\" data-e-type=\"column\">\n\t\t\t<div class=\"elementor-widget-wrap elementor-element-populated\">\n\t\t\t\t\t\t<div class=\"elementor-element elementor-element-4d6bec6 elementor-widget elementor-widget-image\" data-id=\"4d6bec6\" data-element_type=\"widget\" data-e-type=\"widget\" data-widget_type=\"image.default\">\n\t\t\t\t<div class=\"elementor-widget-container\">\n\t\t\t\t\t\t\t\t\t\t\t\t<figure class=\"wp-caption\">\n\t\t\t\t\t\t\t\t\t\t<img fetchpriority=\"high\" decoding=\"async\" width=\"167\" height=\"300\" src=\"https:\/\/blog.westminster.ac.uk\/recordsandarchives\/wp-content\/uploads\/sites\/42\/2021\/02\/RSP_7_c_151-2-167x300.jpg\" class=\"attachment-medium size-medium wp-image-2509\" alt=\"Black &amp; white photograph of a woman wearing a 1920s gym dress with block stockings and heeled shoes\" srcset=\"https:\/\/blog.westminster.ac.uk\/recordsandarchives\/wp-content\/uploads\/sites\/42\/2021\/02\/RSP_7_c_151-2-167x300.jpg 167w, https:\/\/blog.westminster.ac.uk\/recordsandarchives\/wp-content\/uploads\/sites\/42\/2021\/02\/RSP_7_c_151-2-1428x2573.jpg 1428w, https:\/\/blog.westminster.ac.uk\/recordsandarchives\/wp-content\/uploads\/sites\/42\/2021\/02\/RSP_7_c_151-2-768x1384.jpg 768w, https:\/\/blog.westminster.ac.uk\/recordsandarchives\/wp-content\/uploads\/sites\/42\/2021\/02\/RSP_7_c_151-2-853x1536.jpg 853w, https:\/\/blog.westminster.ac.uk\/recordsandarchives\/wp-content\/uploads\/sites\/42\/2021\/02\/RSP_7_c_151-2-1137x2048.jpg 1137w, https:\/\/blog.westminster.ac.uk\/recordsandarchives\/wp-content\/uploads\/sites\/42\/2021\/02\/RSP_7_c_151-2-scaled.jpg 1421w\" sizes=\"(max-width: 167px) 100vw, 167px\" \/>\t\t\t\t\t\t\t\t\t\t\t<figcaption class=\"widget-image-caption wp-caption-text\">Mary Lines (RSP\/7\/c\/151)<\/figcaption>\n\t\t\t\t\t\t\t\t\t\t<\/figure>\n\t\t\t\t\t\t\t\t\t<\/div>\n\t\t\t\t<\/div>\n\t\t\t\t\t<\/div>\n\t\t<\/div>\n\t\t\t\t<div class=\"elementor-column elementor-col-50 elementor-top-column elementor-element elementor-element-7b9d738\" data-id=\"7b9d738\" data-element_type=\"column\" data-e-type=\"column\">\n\t\t\t<div class=\"elementor-widget-wrap elementor-element-populated\">\n\t\t\t\t\t\t<div class=\"elementor-element elementor-element-04bd386 elementor-widget elementor-widget-text-editor\" data-id=\"04bd386\" data-element_type=\"widget\" data-e-type=\"widget\" data-widget_type=\"text-editor.default\">\n\t\t\t\t<div class=\"elementor-widget-container\">\n\t\t\t\t\t\t\t\t\t<p>While much has been written about <a href=\"https:\/\/link.springer.com\/chapter\/10.1007\/978-3-319-76753-6_3\" target=\"_blank\" rel=\"noopener\"><span style=\"text-decoration: underline\">Alice\u00a0Milliat<\/span><\/a>, there seems to have been little research into the athletes who took part. Mary Lines of the Polytechnic achieved three 1<sup>st<\/sup>\u00a0prizes and one 2<sup>nd<\/sup>\u00a0\u00a0at the 1921 Games\u00a0and is described in the <a href=\"https:\/\/doi.org\/10.1093\/ref:odnb\/103699\" target=\"_blank\" rel=\"noopener\"><span style=\"text-decoration: underline\">Oxford Dictionary of National Biography<\/span><\/a> as \u201c[t]he first star of British women&#8217;s athletics\u00a0between the wars\u201d.\u00a0Florence Ethel Birchenough would later become the WAAA title-holder for discus 1924\u20138\u00a0and captain of the British team at the 1926 Women\u2019s World Games. The <em>Polytechnic Magazine<\/em> identifies others in the team as \u201cMisses\u2026 K. Jackson, \u2026. Daniels, Newman, Becket, Fuller, Cast, Russell and Legel\u201d.<\/p>\t\t\t\t\t\t\t\t<\/div>\n\t\t\t\t<\/div>\n\t\t\t\t\t<\/div>\n\t\t<\/div>\n\t\t\t\t\t<\/div>\n\t\t<\/section>\n\t\t\t\t<section class=\"elementor-section elementor-top-section elementor-element elementor-element-fa2253c elementor-section-boxed elementor-section-height-default elementor-section-height-default\" data-id=\"fa2253c\" data-element_type=\"section\" data-e-type=\"section\">\n\t\t\t\t\t\t<div class=\"elementor-container elementor-column-gap-default\">\n\t\t\t\t\t<div class=\"elementor-column elementor-col-100 elementor-top-column elementor-element elementor-element-796fd95\" data-id=\"796fd95\" data-element_type=\"column\" data-e-type=\"column\">\n\t\t\t<div class=\"elementor-widget-wrap elementor-element-populated\">\n\t\t\t\t\t\t<div class=\"elementor-element elementor-element-b477166 elementor-widget elementor-widget-text-editor\" data-id=\"b477166\" data-element_type=\"widget\" data-e-type=\"widget\" data-widget_type=\"text-editor.default\">\n\t\t\t\t<div class=\"elementor-widget-container\">\n\t\t\t\t\t\t\t\t\t<p>Finding more information about the athletes within our archive has proved difficult. The reports in the <span style=\"text-decoration: underline\"><a href=\"https:\/\/polymags.westminster.ac.uk\/\"><em>Polytechnic Magazine<\/em> <\/a><\/span>of women\u2019s sporting events at this time tend to identify the athletes as \u2018Miss\u2026\u2019, with no first name given. The Regent Street Polytechnic had a large membership so <span style=\"text-decoration: underline\"><a href=\"https:\/\/ukdps.uwestminster-ro.tmp.accesstomemory.org\/rsp-2-6-24\">the records<\/a><\/span> often include several women with the same surname, including siblings who are similar in age. This makes it difficult to say definitively which of those women competed.\u00a0<\/p>\t\t\t\t\t\t\t\t<\/div>\n\t\t\t\t<\/div>\n\t\t\t\t\t<\/div>\n\t\t<\/div>\n\t\t\t\t\t<\/div>\n\t\t<\/section>\n\t\t\t\t<section class=\"elementor-section elementor-top-section elementor-element elementor-element-e47262b elementor-section-boxed elementor-section-height-default elementor-section-height-default\" data-id=\"e47262b\" data-element_type=\"section\" data-e-type=\"section\">\n\t\t\t\t\t\t<div class=\"elementor-container elementor-column-gap-default\">\n\t\t\t\t\t<div class=\"elementor-column elementor-col-50 elementor-top-column elementor-element elementor-element-d899d74\" data-id=\"d899d74\" data-element_type=\"column\" data-e-type=\"column\">\n\t\t\t<div class=\"elementor-widget-wrap elementor-element-populated\">\n\t\t\t\t\t\t<div class=\"elementor-element elementor-element-a3e1b93 elementor-widget elementor-widget-text-editor\" data-id=\"a3e1b93\" data-element_type=\"widget\" data-e-type=\"widget\" data-widget_type=\"text-editor.default\">\n\t\t\t\t<div class=\"elementor-widget-container\">\n\t\t\t\t\t\t\t\t\t<p>While\u00a0 women taking part in sports was controversial in the 1920s, it has long been an accepted idea at the Polytechnic. The first gymnastic classes for women were organised in autumn 1888, and their activities quickly expanded. Hockey and netball both proved popular, with the women winning a &#8216;Ladies v Men&#8217; intra-Poly match in 1919. Photographs from this period are sadly few and far between, but we are fortunate to hold a large group of photographs of\u00a0\u00a0<span style=\"text-decoration: underline\"><a href=\"https:\/\/ukdps.uwestminster-ro.tmp.accesstomemory.org\/rsp-7-c\">women athletes in the 1930s<\/a><\/span>.\u00a0 \u00a0We also have a small number of\u00a0<span style=\"text-decoration: underline\"><a href=\"https:\/\/ukdps.uwestminster-ro.tmp.accesstomemory.org\/rsp-6-7-4\">other documents<\/a><\/span> relating to women who competed at the 1921 games.<\/p>\t\t\t\t\t\t\t\t<\/div>\n\t\t\t\t<\/div>\n\t\t\t\t\t<\/div>\n\t\t<\/div>\n\t\t\t\t<div class=\"elementor-column elementor-col-50 elementor-top-column elementor-element elementor-element-4653b47\" data-id=\"4653b47\" data-element_type=\"column\" data-e-type=\"column\">\n\t\t\t<div class=\"elementor-widget-wrap elementor-element-populated\">\n\t\t\t\t\t\t<div class=\"elementor-element elementor-element-72945f2 elementor-widget elementor-widget-image\" data-id=\"72945f2\" data-element_type=\"widget\" data-e-type=\"widget\" data-widget_type=\"image.default\">\n\t\t\t\t<div class=\"elementor-widget-container\">\n\t\t\t\t\t\t\t\t\t\t\t\t<figure class=\"wp-caption\">\n\t\t\t\t\t\t\t\t\t\t<img decoding=\"async\" width=\"1820\" height=\"1080\" src=\"https:\/\/blog.westminster.ac.uk\/recordsandarchives\/wp-content\/uploads\/sites\/42\/2021\/02\/RSP_7_c_49__SPB24_49_-2-1820x1080.jpg\" class=\"attachment-large size-large wp-image-2520\" alt=\"Dymanic black and white photograph showing women starting a running race in the 1930s\" srcset=\"https:\/\/blog.westminster.ac.uk\/recordsandarchives\/wp-content\/uploads\/sites\/42\/2021\/02\/RSP_7_c_49__SPB24_49_-2-1820x1080.jpg 1820w, https:\/\/blog.westminster.ac.uk\/recordsandarchives\/wp-content\/uploads\/sites\/42\/2021\/02\/RSP_7_c_49__SPB24_49_-2-300x178.jpg 300w, https:\/\/blog.westminster.ac.uk\/recordsandarchives\/wp-content\/uploads\/sites\/42\/2021\/02\/RSP_7_c_49__SPB24_49_-2-768x456.jpg 768w, https:\/\/blog.westminster.ac.uk\/recordsandarchives\/wp-content\/uploads\/sites\/42\/2021\/02\/RSP_7_c_49__SPB24_49_-2-1536x911.jpg 1536w, https:\/\/blog.westminster.ac.uk\/recordsandarchives\/wp-content\/uploads\/sites\/42\/2021\/02\/RSP_7_c_49__SPB24_49_-2-2048x1215.jpg 2048w\" sizes=\"(max-width: 1820px) 100vw, 1820px\" \/>\t\t\t\t\t\t\t\t\t\t\t<figcaption class=\"widget-image-caption wp-caption-text\">Women athletes in the 1930s (RSP\/7\/c\/49)<\/figcaption>\n\t\t\t\t\t\t\t\t\t\t<\/figure>\n\t\t\t\t\t\t\t\t\t<\/div>\n\t\t\t\t<\/div>\n\t\t\t\t\t<\/div>\n\t\t<\/div>\n\t\t\t\t\t<\/div>\n\t\t<\/section>\n\t\t\t\t<section class=\"elementor-section elementor-top-section elementor-element elementor-element-21f7ebc elementor-section-boxed elementor-section-height-default elementor-section-height-default\" data-id=\"21f7ebc\" data-element_type=\"section\" data-e-type=\"section\">\n\t\t\t\t\t\t<div class=\"elementor-container elementor-column-gap-default\">\n\t\t\t\t\t<div class=\"elementor-column elementor-col-100 elementor-top-column elementor-element elementor-element-c90f913\" data-id=\"c90f913\" data-element_type=\"column\" data-e-type=\"column\">\n\t\t\t<div class=\"elementor-widget-wrap elementor-element-populated\">\n\t\t\t\t\t\t<div class=\"elementor-element elementor-element-84f6a4d elementor-widget elementor-widget-text-editor\" data-id=\"84f6a4d\" data-element_type=\"widget\" data-e-type=\"widget\" data-widget_type=\"text-editor.default\">\n\t\t\t\t<div class=\"elementor-widget-container\">\n\t\t\t\t\t\t\t\t\t<p>The most significant collection of material relating to the 1921 Olympiad is held at the <a href=\"https:\/\/aim25.com\/cgi-bin\/vcdf\/detail?coll_id=6224&amp;inst_id=61&amp;nv1=search&amp;nv2=\" target=\"_blank\" rel=\"noopener\"><span style=\"text-decoration: underline\">University of Greenwich Archive<\/span><\/a> and includes newspaper cuttings and photographs of the athletes. <span style=\"text-decoration: underline\"><a href=\"https:\/\/www.britishpathe.com\/video\/english-girl-athletes\" target=\"_blank\" rel=\"noopener\">British Pathe<\/a><\/span> also hold a rare film from the event (incorrectly described as taking place in Paris). From this footage we get a sense of the differences with today\u2019s sporting events, such as the audience and the clothes that the athletes wore to compete in.<\/p>\t\t\t\t\t\t\t\t<\/div>\n\t\t\t\t<\/div>\n\t\t\t\t\t<\/div>\n\t\t<\/div>\n\t\t\t\t\t<\/div>\n\t\t<\/section>\n\t\t\t\t<section class=\"elementor-section elementor-top-section elementor-element elementor-element-3e09b04 elementor-section-boxed elementor-section-height-default elementor-section-height-default\" data-id=\"3e09b04\" data-element_type=\"section\" data-e-type=\"section\">\n\t\t\t\t\t\t<div class=\"elementor-container elementor-column-gap-default\">\n\t\t\t\t\t<div class=\"elementor-column elementor-col-100 elementor-top-column elementor-element elementor-element-c7d1783\" data-id=\"c7d1783\" data-element_type=\"column\" data-e-type=\"column\">\n\t\t\t<div class=\"elementor-widget-wrap elementor-element-populated\">\n\t\t\t\t\t\t<div class=\"elementor-element elementor-element-25f5f1b elementor-widget elementor-widget-text-editor\" data-id=\"25f5f1b\" data-element_type=\"widget\" data-e-type=\"widget\" data-widget_type=\"text-editor.default\">\n\t\t\t\t<div class=\"elementor-widget-container\">\n\t\t\t\t\t\t\t\t\t<p>As we approach the 100<sup>th<\/sup> anniversary of the historic 1921 Women\u2019s Olympiad, we are proud to preserve a small part of this heritage in our archive. We would love to hear from any other institutions or individuals who hold archival materials relating to this event, so that we can learn more about our pioneering athletes.<\/p><p>Here at the University of Westminster we will be celebrating our athletes through a <span style=\"text-decoration: underline\"><a href=\"https:\/\/www.westminster.ac.uk\/research\/groups-and-centres\/centre-for-law-society-and-popular-culture\/projects\/disrupting-the-everyday\/writing-between-the-lines\">creative writing project<\/a><\/span> and a new lightbox in the 309 Regent Street foyer.<\/p>\t\t\t\t\t\t\t\t<\/div>\n\t\t\t\t<\/div>\n\t\t\t\t\t<\/div>\n\t\t<\/div>\n\t\t\t\t\t<\/div>\n\t\t<\/section>\n\t\t\t\t<section class=\"elementor-section elementor-top-section elementor-element elementor-element-65008af elementor-section-boxed elementor-section-height-default elementor-section-height-default\" data-id=\"65008af\" data-element_type=\"section\" data-e-type=\"section\">\n\t\t\t\t\t\t<div class=\"elementor-container elementor-column-gap-default\">\n\t\t\t\t\t<div class=\"elementor-column elementor-col-100 elementor-top-column elementor-element elementor-element-df3b53e\" data-id=\"df3b53e\" data-element_type=\"column\" data-e-type=\"column\">\n\t\t\t<div class=\"elementor-widget-wrap elementor-element-populated\">\n\t\t\t\t\t\t<div class=\"elementor-element elementor-element-82423e7 elementor-widget elementor-widget-text-editor\" data-id=\"82423e7\" data-element_type=\"widget\" data-e-type=\"widget\" data-widget_type=\"text-editor.default\">\n\t\t\t\t<div class=\"elementor-widget-container\">\n\t\t\t\t\t\t\t\t\t<p>March 2021<\/p>\t\t\t\t\t\t\t\t<\/div>\n\t\t\t\t<\/div>\n\t\t\t\t\t<\/div>\n\t\t<\/div>\n\t\t\t\t\t<\/div>\n\t\t<\/section>\n\t\t\t\t<section class=\"elementor-section elementor-top-section elementor-element elementor-element-016b4d1 elementor-section-boxed elementor-section-height-default elementor-section-height-default\" data-id=\"016b4d1\" data-element_type=\"section\" data-e-type=\"section\">\n\t\t\t\t\t\t<div class=\"elementor-container elementor-column-gap-default\">\n\t\t\t\t\t<div class=\"elementor-column elementor-col-100 elementor-top-column elementor-element elementor-element-8a2454f\" data-id=\"8a2454f\" data-element_type=\"column\" data-e-type=\"column\">\n\t\t\t<div class=\"elementor-widget-wrap elementor-element-populated\">\n\t\t\t\t\t\t<div class=\"elementor-element elementor-element-48badf8 elementor-widget elementor-widget-button\" data-id=\"48badf8\" data-element_type=\"widget\" data-e-type=\"widget\" data-widget_type=\"button.default\">\n\t\t\t\t<div class=\"elementor-widget-container\">\n\t\t\t\t\t\t\t\t\t<div class=\"elementor-button-wrapper\">\n\t\t\t\t\t<a class=\"elementor-button elementor-button-link elementor-size-sm\" href=\"http:\/\/recordsandarchives.westminster.ac.uk\/archive-blog\/\">\n\t\t\t\t\t\t<span class=\"elementor-button-content-wrapper\">\n\t\t\t\t\t\t\t\t\t<span class=\"elementor-button-text\">Back to the Blog<\/span>\n\t\t\t\t\t<\/span>\n\t\t\t\t\t<\/a>\n\t\t\t\t<\/div>\n\t\t\t\t\t\t\t\t<\/div>\n\t\t\t\t<\/div>\n\t\t\t\t\t<\/div>\n\t\t<\/div>\n\t\t\t\t\t<\/div>\n\t\t<\/section>\n\t\t\t\t<\/div>\n\t\t","protected":false},"excerpt":{"rendered":"<p>\u201cOn Monday, March 21st, a team of 21 girls, drawn from the Regent Street and Woolwich Polytechnics, left Victoria Station, under the leadership of Miss J. H. Andrew, to represent England in the Women&#8217;s Olympiad at Monte Carlo, but although&#8230;<\/p>\n","protected":false},"author":135,"featured_media":0,"parent":3461,"menu_order":0,"comment_status":"closed","ping_status":"closed","template":"","meta":{"footnotes":""},"class_list":["post-2493","page","type-page","status-publish","hentry"],"_links":{"self":[{"href":"https:\/\/blog.westminster.ac.uk\/recordsandarchives\/wp-json\/wp\/v2\/pages\/2493","targetHints":{"allow":["GET"]}}],"collection":[{"href":"https:\/\/blog.westminster.ac.uk\/recordsandarchives\/wp-json\/wp\/v2\/pages"}],"about":[{"href":"https:\/\/blog.westminster.ac.uk\/recordsandarchives\/wp-json\/wp\/v2\/types\/page"}],"author":[{"embeddable":true,"href":"https:\/\/blog.westminster.ac.uk\/recordsandarchives\/wp-json\/wp\/v2\/users\/135"}],"replies":[{"embeddable":true,"href":"https:\/\/blog.westminster.ac.uk\/recordsandarchives\/wp-json\/wp\/v2\/comments?post=2493"}],"version-history":[{"count":4,"href":"https:\/\/blog.westminster.ac.uk\/recordsandarchives\/wp-json\/wp\/v2\/pages\/2493\/revisions"}],"predecessor-version":[{"id":5632,"href":"https:\/\/blog.westminster.ac.uk\/recordsandarchives\/wp-json\/wp\/v2\/pages\/2493\/revisions\/5632"}],"up":[{"embeddable":true,"href":"https:\/\/blog.westminster.ac.uk\/recordsandarchives\/wp-json\/wp\/v2\/pages\/3461"}],"wp:attachment":[{"href":"https:\/\/blog.westminster.ac.uk\/recordsandarchives\/wp-json\/wp\/v2\/media?parent=2493"}],"curies":[{"name":"wp","href":"https:\/\/api.w.org\/{rel}","templated":true}]}}